{"id":879,"date":"2022-07-15T12:54:05","date_gmt":"2022-07-15T12:54:05","guid":{"rendered":"https:\/\/sonamines.cm\/?page_id=879"},"modified":"2023-08-10T13:39:21","modified_gmt":"2023-08-10T13:39:21","slug":"operation-zero-enfant-dans-la-mines-2eme-edition","status":"publish","type":"page","link":"https:\/\/sonamines.cm\/en\/operation-zero-enfant-dans-la-mines-2eme-edition\/","title":{"rendered":"Op\u00e9ration Z\u00e9ro enfant dans la mine (2e \u00e9dition)"},"content":{"rendered":"<div class=\"wp-block-cover has-parallax\"><span aria-hidden=\"true\" class=\"wp-block-cover__background has-background-dim\"><\/span><div role=\"img\" class=\"wp-block-cover__image-background wp-image-881 has-parallax\" style=\"background-position:50% 50%;background-image:url(https:\/\/sonamines.cm\/wp-content\/uploads\/2022\/07\/zero-enfant-dans-la-mines__banniere_1_fr-scaled-2.jpg)\"><\/div><div class=\"wp-block-cover__inner-container is-layout-flow wp-block-cover-is-layout-flow\">\n<p class=\"has-text-align-center has-large-font-size\"><\/p>\n<\/div><\/div>\n\n\n\n\n\n\n<div class=\"wp-block-media-text alignwide is-stacked-on-mobile is-vertically-aligned-center is-image-fill is-style-default presendossblc\"><figure class=\"wp-block-media-text__media\" style=\"background-image:url(https:\/\/sonamines.cm\/wp-content\/uploads\/2022\/07\/page1-plaquette-zero-enfant-1024x731.jpg);background-position:50% 50%\"><img loading=\"lazy\" decoding=\"async\" width=\"1024\" height=\"731\" src=\"https:\/\/sonamines.cm\/wp-content\/uploads\/2022\/07\/page1-plaquette-zero-enfant-1024x731.jpg\" alt=\"\" class=\"wp-image-941 size-full\" srcset=\"https:\/\/sonamines.cm\/wp-content\/uploads\/2022\/07\/page1-plaquette-zero-enfant-1024x731.jpg 1024w, https:\/\/sonamines.cm\/wp-content\/uploads\/2022\/07\/page1-plaquette-zero-enfant-300x214.jpg 300w, https:\/\/sonamines.cm\/wp-content\/uploads\/2022\/07\/page1-plaquette-zero-enfant-768x548.jpg 768w, https:\/\/sonamines.cm\/wp-content\/uploads\/2022\/07\/page1-plaquette-zero-enfant-1536x1097.jpg 1536w, https:\/\/sonamines.cm\/wp-content\/uploads\/2022\/07\/page1-plaquette-zero-enfant-2048x1463.jpg 2048w, https:\/\/sonamines.cm\/wp-content\/uploads\/2022\/07\/page1-plaquette-zero-enfant-18x12.jpg 18w\" sizes=\"auto, (max-width: 1024px) 100vw, 1024px\" \/><\/figure><div class=\"wp-block-media-text__content\">\n<h2 class=\"wp-block-heading has-text-color\" style=\"color:#000000;font-size:32px\">Travail des enfants dans la Mine : La SONAMINES dit STOP !<\/h2>\n\n\n\n<p>Le compte \u00e0 rebours de la deuxi\u00e8me \u00e9dition de l\u2019op\u00e9ration \u00ab Z\u00e9ro Enfant dans la Mine \u00bb est lanc\u00e9. Du 26 au 30 Septembre prochain \u00e0 B\u00e9tar\u00e9 Oya, Colomines et Kamb\u00e9l\u00e9 dans la r\u00e9gion de l\u2019Est, la Soci\u00e9t\u00e9 Nationale des Mines (SONAMINES) se joint \u00e0 cette cause nationale contre le travail des enfants en g\u00e9n\u00e9ral et dans la Mine en particulier. Les fruits de la premi\u00e8re \u00e9dition sont palpables\u2026l\u2019aventure ne fait que commencer.<\/p>\n\n\n\n<div class=\"wp-block-buttons is-horizontal is-content-justification-right is-nowrap is-layout-flex wp-container-core-buttons-is-layout-f3a42c6d wp-block-buttons-is-layout-flex\">\n<div class=\"wp-block-button flat is-style-fill\"><a class=\"wp-block-button__link has-background wp-element-button\" href=\"\/wp-content\/uploads\/2022\/07\/plaquette-zero-enfant-dans-la-mines.pdf\" style=\"background-color:#1a2e72\" target=\"_blank\" rel=\"noreferrer noopener\">T\u00e9l\u00e9charger le dossier de pr\u00e9sentation<\/a><\/div>\n<\/div>\n<\/div><\/div>\n\n\n\n<div class=\"wp-block-media-text alignwide has-media-on-the-right is-stacked-on-mobile is-vertically-aligned-center is-image-fill is-style-default intro1blc\"><div class=\"wp-block-media-text__content\">\n<h2 class=\"wp-block-heading has-text-color\" style=\"color:#000000;font-size:32px\">Retour sur la premi\u00e8re \u00e9dition \u2026<\/h2>\n\n\n\n<p>Le 21 septembre 2021 dans la localit\u00e9 de Kamb\u00e9l\u00e9, situ\u00e9e dans le D\u00e9partement de la Kadey, R\u00e9gion de l\u2019Est, les \u00e9l\u00e8ves de l\u2019Ecole Publique Boukarou sous un soleil de plomb, sont align\u00e9s en rangs serr\u00e9s pour l\u2019ex\u00e9cution de l\u2019hymne nationale : c\u2019est un jour exceptionnel, une occasion solennelle qu\u2019ils ont choisi d\u2019honorer \u00e0 leur mani\u00e8re&#8230;<\/p>\n\n\n\n<div class=\"wp-block-buttons is-horizontal is-content-justification-right is-nowrap is-layout-flex wp-container-core-buttons-is-layout-f3a42c6d wp-block-buttons-is-layout-flex\">\n<div class=\"wp-block-button flat is-style-fill\"><a class=\"wp-block-button__link has-background wp-element-button\" href=\"\/en\/retour-sur-la-premiere-edition\/\" style=\"background-color:#1a2e72\">Lire la suite<\/a><\/div>\n<\/div>\n<\/div><figure class=\"wp-block-media-text__media\" style=\"background-image:url(https:\/\/sonamines.cm\/wp-content\/uploads\/2022\/07\/zero-enfants-dans-la-mine-2e-edition-02.png);background-position:13% 48%\"><img loading=\"lazy\" decoding=\"async\" width=\"630\" height=\"396\" src=\"https:\/\/sonamines.cm\/wp-content\/uploads\/2022\/07\/zero-enfants-dans-la-mine-2e-edition-02.png\" alt=\"\" class=\"wp-image-951 size-full\" srcset=\"https:\/\/sonamines.cm\/wp-content\/uploads\/2022\/07\/zero-enfants-dans-la-mine-2e-edition-02.png 630w, https:\/\/sonamines.cm\/wp-content\/uploads\/2022\/07\/zero-enfants-dans-la-mine-2e-edition-02-300x189.png 300w, https:\/\/sonamines.cm\/wp-content\/uploads\/2022\/07\/zero-enfants-dans-la-mine-2e-edition-02-18x12.png 18w\" sizes=\"auto, (max-width: 630px) 100vw, 630px\" \/><\/figure><\/div>","protected":false},"excerpt":{"rendered":"","protected":false},"author":3,"featured_media":0,"parent":0,"menu_order":0,"comment_status":"closed","ping_status":"closed","template":"fullpage.php","meta":{"_coblocks_attr":"","_coblocks_dimensions":"{\"coblocks-hero-615135219306\":{\"padding\":{}},\"coblocks-hero-615135220487\":{\"padding\":{}},\"coblocks-hero-615135221268\":{\"padding\":{}}}","_coblocks_responsive_height":"","_coblocks_accordion_ie_support":"","_uag_custom_page_level_css":"","footnotes":""},"class_list":["post-879","page","type-page","status-publish","hentry"],"uagb_featured_image_src":{"full":false,"thumbnail":false,"medium":false,"medium_large":false,"large":false,"1536x1536":false,"2048x2048":false,"trp-custom-language-flag":false},"uagb_author_info":{"display_name":"SANDIE Gilles","author_link":"https:\/\/sonamines.cm\/en\/author\/gillessandie\/"},"uagb_comment_info":0,"uagb_excerpt":null,"_links":{"self":[{"href":"https:\/\/sonamines.cm\/en\/wp-json\/wp\/v2\/pages\/879","targetHints":{"allow":["GET"]}}],"collection":[{"href":"https:\/\/sonamines.cm\/en\/wp-json\/wp\/v2\/pages"}],"about":[{"href":"https:\/\/sonamines.cm\/en\/wp-json\/wp\/v2\/types\/page"}],"author":[{"embeddable":true,"href":"https:\/\/sonamines.cm\/en\/wp-json\/wp\/v2\/users\/3"}],"replies":[{"embeddable":true,"href":"https:\/\/sonamines.cm\/en\/wp-json\/wp\/v2\/comments?post=879"}],"version-history":[{"count":0,"href":"https:\/\/sonamines.cm\/en\/wp-json\/wp\/v2\/pages\/879\/revisions"}],"wp:attachment":[{"href":"https:\/\/sonamines.cm\/en\/wp-json\/wp\/v2\/media?parent=879"}],"curies":[{"name":"wp","href":"https:\/\/api.w.org\/{rel}","templated":true}]}}