{"id":613,"date":"2022-04-25T07:59:42","date_gmt":"2022-04-25T07:59:42","guid":{"rendered":"https:\/\/sonamines.cm\/?page_id=613"},"modified":"2022-04-25T08:58:23","modified_gmt":"2022-04-25T08:58:23","slug":"appels-doffres","status":"publish","type":"page","link":"https:\/\/sonamines.cm\/en\/appels-doffres\/","title":{"rendered":"Appels d&#8217;offres"},"content":{"rendered":"<div class=\"wp-block-uagb-post-grid uagb-post-grid  uagb-post__image-position-top uagb-post__image-enabled uagb-block-b27cb4fa     uagb-post__items uagb-post__columns-3 is-grid uagb-post__columns-tablet-2 uagb-post__columns-mobile-1\" data-total=\"2\" style=\"\">\n\n\t\t\t\t\t\t\t\t\t\t\t\t<article class=\"uagb-post__inner-wrap\">\t\t\t\t\t\t\t\t<div class='uagb-post__image'>\n\t\t\t\t\t\t\t\t\t<a href=\"https:\/\/sonamines.cm\/en\/avis-dappel-international-a-manifestation-dinteret-pour-les-projets-de-rutile-dakonolinga-et-de-cobalt-nickel-manganese-de-nkamouna\/\" target=\"_self\" rel=\"bookmark noopener noreferrer\" class='uagb-image-ratio-inherit'><img loading=\"lazy\" decoding=\"async\" width=\"500\" height=\"375\" src=\"https:\/\/sonamines.cm\/wp-content\/uploads\/2026\/03\/1301-22955-cobalt-de-lomie-nkamouna-apres-23-ans-sans-exploitation-l-etat-retire-le-permis-de-geovic-qu-il-confie-a-la-sonamine_L.jpg\" class=\"attachment-large size-large\" alt=\"\" srcset=\"https:\/\/sonamines.cm\/wp-content\/uploads\/2026\/03\/1301-22955-cobalt-de-lomie-nkamouna-apres-23-ans-sans-exploitation-l-etat-retire-le-permis-de-geovic-qu-il-confie-a-la-sonamine_L.jpg 500w, https:\/\/sonamines.cm\/wp-content\/uploads\/2026\/03\/1301-22955-cobalt-de-lomie-nkamouna-apres-23-ans-sans-exploitation-l-etat-retire-le-permis-de-geovic-qu-il-confie-a-la-sonamine_L-300x225.jpg 300w, https:\/\/sonamines.cm\/wp-content\/uploads\/2026\/03\/1301-22955-cobalt-de-lomie-nkamouna-apres-23-ans-sans-exploitation-l-etat-retire-le-permis-de-geovic-qu-il-confie-a-la-sonamine_L-16x12.jpg 16w\" sizes=\"auto, (max-width: 500px) 100vw, 500px\" \/>\t\t\t\t\t<\/a>\n\t\t\t\t\t\t\t<\/div>\n\t\t\t\t\t\t<h4 class=\"uagb-post__title uagb-post__text\">\n\t\t\t\t<a href=\"https:\/\/sonamines.cm\/en\/avis-dappel-international-a-manifestation-dinteret-pour-les-projets-de-rutile-dakonolinga-et-de-cobalt-nickel-manganese-de-nkamouna\/\" target=\"_self\" rel=\"bookmark noopener noreferrer\">International call for expressions of interest  for Akonolinga Rutile and Nkamouna cobalt, nickel and manganese polymetallic deposit<\/a>\n\t\t\t<\/h4>\n\t\t\t\t\t\t<div class='uagb-post__text uagb-post-grid-byline'>\n\t\t\t\t\t\t\t<\/div>\n\t\t\t\t\t\t<div class=\"uagb-post__text uagb-post__cta wp-block-button\">\n\t\t\t\t<a class=\"wp-block-button__link uagb-text-link\" style=\"\" href=\"https:\/\/sonamines.cm\/en\/avis-dappel-international-a-manifestation-dinteret-pour-les-projets-de-rutile-dakonolinga-et-de-cobalt-nickel-manganese-de-nkamouna\/\" target=\"_self\" rel=\"bookmark noopener noreferrer\">Read More<\/a>\n\t\t\t<\/div>\n\t\t\t\n\t\t\t\t\t\t\t\t\t<\/article>\n\t\t\t\t\t\t\t\t\t\t\t\t\t\t\t\t<article class=\"uagb-post__inner-wrap\">\t\t\t\t\t\t\t\t<div class='uagb-post__image'>\n\t\t\t\t\t\t\t\t\t<a href=\"https:\/\/sonamines.cm\/en\/avis-dappel-international-a-manifestation-dinteret-pour-la-preselection-de-partenaires-technico-financiers-en-vue-de-la-finalisation-des-travaux-de-recherche-et-la-mise-en-exploitati\/\" target=\"_self\" rel=\"bookmark noopener noreferrer\" class='uagb-image-ratio-inherit'><img loading=\"lazy\" decoding=\"async\" width=\"640\" height=\"120\" src=\"https:\/\/sonamines.cm\/wp-content\/uploads\/2026\/01\/akonolinga.jpg?v=1768059575\" class=\"attachment-large size-large\" alt=\"\" srcset=\"https:\/\/sonamines.cm\/wp-content\/uploads\/2026\/01\/akonolinga.jpg?v=1768059575 949w, https:\/\/sonamines.cm\/wp-content\/uploads\/2026\/01\/akonolinga-300x56.jpg?v=1768059575 300w, https:\/\/sonamines.cm\/wp-content\/uploads\/2026\/01\/akonolinga-768x144.jpg?v=1768059575 768w, https:\/\/sonamines.cm\/wp-content\/uploads\/2026\/01\/akonolinga-18x3.jpg?v=1768059575 18w\" sizes=\"auto, (max-width: 640px) 100vw, 640px\" \/>\t\t\t\t\t<\/a>\n\t\t\t\t\t\t\t<\/div>\n\t\t\t\t\t\t<h4 class=\"uagb-post__title uagb-post__text\">\n\t\t\t\t<a href=\"https:\/\/sonamines.cm\/en\/avis-dappel-international-a-manifestation-dinteret-pour-la-preselection-de-partenaires-technico-financiers-en-vue-de-la-finalisation-des-travaux-de-recherche-et-la-mise-en-exploitati\/\" target=\"_self\" rel=\"bookmark noopener noreferrer\">avis d\u2019appel international \u00e0 manifestation d\u2019int\u00e9r\u00eat pour la pr\u00e9s\u00e9lection de partenaires technico-financiers en vue de la finalisation des travaux de recherche et la mise en exploitation du bloc rutilif\u00e8re d&#8217;Akonolinga<\/a>\n\t\t\t<\/h4>\n\t\t\t\t\t\t<div class='uagb-post__text uagb-post-grid-byline'>\n\t\t\t\t\t\t\t<\/div>\n\t\t\t\t\t\t<div class=\"uagb-post__text uagb-post__cta wp-block-button\">\n\t\t\t\t<a class=\"wp-block-button__link uagb-text-link\" style=\"\" href=\"https:\/\/sonamines.cm\/en\/avis-dappel-international-a-manifestation-dinteret-pour-la-preselection-de-partenaires-technico-financiers-en-vue-de-la-finalisation-des-travaux-de-recherche-et-la-mise-en-exploitati\/\" target=\"_self\" rel=\"bookmark noopener noreferrer\">Read More<\/a>\n\t\t\t<\/div>\n\t\t\t\n\t\t\t\t\t\t\t\t\t<\/article>\n\t\t\t\t\t\t\t\t\t\t\t\t\t\t\t\t<article class=\"uagb-post__inner-wrap\">\t\t\t\t\t\t\t\t<div class='uagb-post__image'>\n\t\t\t\t\t\t\t\t\t<a href=\"https:\/\/sonamines.cm\/en\/avis-dappel-international-a-manifestation-dinteret-pour-la-preselection-de-partenaires-technico-financiers-de-la-en-vue-du-developpement-et-la-mise-en-exploitation-du-gisement-polymetalliqu\/\" target=\"_self\" rel=\"bookmark noopener noreferrer\" class='uagb-image-ratio-inherit'><img loading=\"lazy\" decoding=\"async\" width=\"640\" height=\"159\" src=\"https:\/\/sonamines.cm\/wp-content\/uploads\/2026\/01\/nkamouna-en.jpg?v=1768057034\" class=\"attachment-large size-large\" alt=\"\" srcset=\"https:\/\/sonamines.cm\/wp-content\/uploads\/2026\/01\/nkamouna-en.jpg?v=1768057034 981w, https:\/\/sonamines.cm\/wp-content\/uploads\/2026\/01\/nkamouna-en-300x74.jpg?v=1768057034 300w, https:\/\/sonamines.cm\/wp-content\/uploads\/2026\/01\/nkamouna-en-768x190.jpg?v=1768057034 768w, https:\/\/sonamines.cm\/wp-content\/uploads\/2026\/01\/nkamouna-en-18x4.jpg?v=1768057034 18w\" sizes=\"auto, (max-width: 640px) 100vw, 640px\" \/>\t\t\t\t\t<\/a>\n\t\t\t\t\t\t\t<\/div>\n\t\t\t\t\t\t<h4 class=\"uagb-post__title uagb-post__text\">\n\t\t\t\t<a href=\"https:\/\/sonamines.cm\/en\/avis-dappel-international-a-manifestation-dinteret-pour-la-preselection-de-partenaires-technico-financiers-de-la-en-vue-du-developpement-et-la-mise-en-exploitation-du-gisement-polymetalliqu\/\" target=\"_self\" rel=\"bookmark noopener noreferrer\">International call for expressions of interest relating to the pre-selection of technical and financial partners in view of the development and commissioning of the Lomie Nkamouna cobalt, nickel and manganese polymetallic deposit<\/a>\n\t\t\t<\/h4>\n\t\t\t\t\t\t<div class='uagb-post__text uagb-post-grid-byline'>\n\t\t\t\t\t\t\t<\/div>\n\t\t\t\t\t\t<div class=\"uagb-post__text uagb-post__cta wp-block-button\">\n\t\t\t\t<a class=\"wp-block-button__link uagb-text-link\" style=\"\" href=\"https:\/\/sonamines.cm\/en\/avis-dappel-international-a-manifestation-dinteret-pour-la-preselection-de-partenaires-technico-financiers-de-la-en-vue-du-developpement-et-la-mise-en-exploitation-du-gisement-polymetalliqu\/\" target=\"_self\" rel=\"bookmark noopener noreferrer\">Read More<\/a>\n\t\t\t<\/div>\n\t\t\t\n\t\t\t\t\t\t\t\t\t<\/article>\n\t\t\t\t\t\t\t\t\t\t\t\t\t\t\t\t<article class=\"uagb-post__inner-wrap\">\t\t\t\t\t\t\t\t<div class='uagb-post__image'>\n\t\t\t\t\t\t\t\t\t<a href=\"https:\/\/sonamines.cm\/en\/call-for-expressions-of-interest-for-the-recruitment-of-a-consultant-to-carry-out-a-precise-geophysical-study-on-2-two-blocks-of-100-one-hundred-hectares-each-chosen-on-the-grounds-of-overall-reco\/\" target=\"_self\" rel=\"bookmark noopener noreferrer\" class='uagb-image-ratio-inherit'><img loading=\"lazy\" decoding=\"async\" width=\"640\" height=\"272\" src=\"https:\/\/sonamines.cm\/wp-content\/uploads\/2025\/11\/asmi-en-1024x435.jpg?v=1763660630\" class=\"attachment-large size-large\" alt=\"\" srcset=\"https:\/\/sonamines.cm\/wp-content\/uploads\/2025\/11\/asmi-en-1024x435.jpg?v=1763660630 1024w, https:\/\/sonamines.cm\/wp-content\/uploads\/2025\/11\/asmi-en-300x128.jpg?v=1763660630 300w, https:\/\/sonamines.cm\/wp-content\/uploads\/2025\/11\/asmi-en-768x327.jpg?v=1763660630 768w, https:\/\/sonamines.cm\/wp-content\/uploads\/2025\/11\/asmi-en-1536x653.jpg?v=1763660630 1536w, https:\/\/sonamines.cm\/wp-content\/uploads\/2025\/11\/asmi-en-2048x871.jpg?v=1763660630 2048w, https:\/\/sonamines.cm\/wp-content\/uploads\/2025\/11\/asmi-en-18x8.jpg?v=1763660630 18w\" sizes=\"auto, (max-width: 640px) 100vw, 640px\" \/>\t\t\t\t\t<\/a>\n\t\t\t\t\t\t\t<\/div>\n\t\t\t\t\t\t<h4 class=\"uagb-post__title uagb-post__text\">\n\t\t\t\t<a href=\"https:\/\/sonamines.cm\/en\/call-for-expressions-of-interest-for-the-recruitment-of-a-consultant-to-carry-out-a-precise-geophysical-study-on-2-two-blocks-of-100-one-hundred-hectares-each-chosen-on-the-grounds-of-overall-reco\/\" target=\"_self\" rel=\"bookmark noopener noreferrer\">Call for expressions of interest for the recruitment of a consultant to carry out a precise geophysical study on 2 (two) blocks of 100 (one hundred) hectares each chosen on the grounds of overall reconnaissance over the SIKOUM exploration permit.<\/a>\n\t\t\t<\/h4>\n\t\t\t\t\t\t<div class='uagb-post__text uagb-post-grid-byline'>\n\t\t\t\t\t\t\t<\/div>\n\t\t\t\t\t\t<div class=\"uagb-post__text uagb-post__cta wp-block-button\">\n\t\t\t\t<a class=\"wp-block-button__link uagb-text-link\" style=\"\" href=\"https:\/\/sonamines.cm\/en\/call-for-expressions-of-interest-for-the-recruitment-of-a-consultant-to-carry-out-a-precise-geophysical-study-on-2-two-blocks-of-100-one-hundred-hectares-each-chosen-on-the-grounds-of-overall-reco\/\" target=\"_self\" rel=\"bookmark noopener noreferrer\">Read More<\/a>\n\t\t\t<\/div>\n\t\t\t\n\t\t\t\t\t\t\t\t\t<\/article>\n\t\t\t\t\t\t\t\t\t\t\t\t\t\t\t\t<article class=\"uagb-post__inner-wrap\">\t\t\t\t\t\t\t\t<div class='uagb-post__image'>\n\t\t\t\t\t\t\t\t\t<a href=\"https:\/\/sonamines.cm\/en\/avis-de-sollicitation-a-manifestation-dinteret-du-consultant-charge-de-realiser-letude-geophysique-de-precision-sur-deux-02-blocs-de-cent-100-hectares-chacun-choisis-a-l\/\" target=\"_self\" rel=\"bookmark noopener noreferrer\" class='uagb-image-ratio-inherit'><img loading=\"lazy\" decoding=\"async\" width=\"640\" height=\"246\" src=\"https:\/\/sonamines.cm\/wp-content\/uploads\/2025\/11\/ASMI-1024x393.jpg?v=1763659771\" class=\"attachment-large size-large\" alt=\"\" srcset=\"https:\/\/sonamines.cm\/wp-content\/uploads\/2025\/11\/ASMI-1024x393.jpg?v=1763659771 1024w, https:\/\/sonamines.cm\/wp-content\/uploads\/2025\/11\/ASMI-300x115.jpg?v=1763659771 300w, https:\/\/sonamines.cm\/wp-content\/uploads\/2025\/11\/ASMI-768x295.jpg?v=1763659771 768w, https:\/\/sonamines.cm\/wp-content\/uploads\/2025\/11\/ASMI-18x7.jpg?v=1763659771 18w, https:\/\/sonamines.cm\/wp-content\/uploads\/2025\/11\/ASMI.jpg?v=1763659771 1152w\" sizes=\"auto, (max-width: 640px) 100vw, 640px\" \/>\t\t\t\t\t<\/a>\n\t\t\t\t\t\t\t<\/div>\n\t\t\t\t\t\t<h4 class=\"uagb-post__title uagb-post__text\">\n\t\t\t\t<a href=\"https:\/\/sonamines.cm\/en\/avis-de-sollicitation-a-manifestation-dinteret-du-consultant-charge-de-realiser-letude-geophysique-de-precision-sur-deux-02-blocs-de-cent-100-hectares-chacun-choisis-a-l\/\" target=\"_self\" rel=\"bookmark noopener noreferrer\">Avis de sollicitation a manifestation d\u2019int\u00e9r\u00eat du consultant charg\u00e9 de r\u00e9aliser l\u2019\u00e9tude g\u00e9ophysique de pr\u00e9cision sur deux (02) blocs de cent (100) hectares chacun choisis a l\u2019issue de la reconnaissance g\u00e9n\u00e9rale sur le permis de recherche SIKOUM<\/a>\n\t\t\t<\/h4>\n\t\t\t\t\t\t<div class='uagb-post__text uagb-post-grid-byline'>\n\t\t\t\t\t\t\t<\/div>\n\t\t\t\t\t\t<div class=\"uagb-post__text uagb-post__cta wp-block-button\">\n\t\t\t\t<a class=\"wp-block-button__link uagb-text-link\" style=\"\" href=\"https:\/\/sonamines.cm\/en\/avis-de-sollicitation-a-manifestation-dinteret-du-consultant-charge-de-realiser-letude-geophysique-de-precision-sur-deux-02-blocs-de-cent-100-hectares-chacun-choisis-a-l\/\" target=\"_self\" rel=\"bookmark noopener noreferrer\">Read More<\/a>\n\t\t\t<\/div>\n\t\t\t\n\t\t\t\t\t\t\t\t\t<\/article>\n\t\t\t\t\t\t\t\t\t\t\t\t\t\t\t\t<article class=\"uagb-post__inner-wrap\">\t\t\t\t\t\t\t\t<div class='uagb-post__image'>\n\t\t\t\t\t\t\t\t\t<a href=\"https:\/\/sonamines.cm\/en\/report-de-la-date-limite-de-depot-de-lami-relatif-au-recrutement-dun-consultant-en-vue-de-la-realisation-de-letude-de-faisabilite-pour-la-construction-dune-unite-d\/\" target=\"_self\" rel=\"bookmark noopener noreferrer\" class='uagb-image-ratio-inherit'><img loading=\"lazy\" decoding=\"async\" width=\"640\" height=\"994\" src=\"https:\/\/sonamines.cm\/wp-content\/uploads\/2023\/02\/WhatsApp-Image-2023-02-21-at-08.37.12-659x1024.jpeg?v=1676966170\" class=\"attachment-large size-large\" alt=\"\" \/>\t\t\t\t\t<\/a>\n\t\t\t\t\t\t\t<\/div>\n\t\t\t\t\t\t<h4 class=\"uagb-post__title uagb-post__text\">\n\t\t\t\t<a href=\"https:\/\/sonamines.cm\/en\/report-de-la-date-limite-de-depot-de-lami-relatif-au-recrutement-dun-consultant-en-vue-de-la-realisation-de-letude-de-faisabilite-pour-la-construction-dune-unite-d\/\" target=\"_self\" rel=\"bookmark noopener noreferrer\">report de la date limite de d\u00e9p\u00f4t de l&#8217;AMI relatif au recrutement d\u2019un consultant en vue de la r\u00e9alisation de l\u2019\u00e9tude de faisabilit\u00e9 pour la construction d\u2019une unit\u00e9 d\u2019exploitation, de conditionnement et de commercialisation de l\u2019eau min\u00e9rale<\/a>\n\t\t\t<\/h4>\n\t\t\t\t\t\t<div class='uagb-post__text uagb-post-grid-byline'>\n\t\t\t\t\t\t\t<\/div>\n\t\t\t\t\t\t<div class=\"uagb-post__text uagb-post__cta wp-block-button\">\n\t\t\t\t<a class=\"wp-block-button__link uagb-text-link\" style=\"\" href=\"https:\/\/sonamines.cm\/en\/report-de-la-date-limite-de-depot-de-lami-relatif-au-recrutement-dun-consultant-en-vue-de-la-realisation-de-letude-de-faisabilite-pour-la-construction-dune-unite-d\/\" target=\"_self\" rel=\"bookmark noopener noreferrer\">Read More<\/a>\n\t\t\t<\/div>\n\t\t\t\n\t\t\t\t\t\t\t\t\t<\/article>\n\t\t\t\t\t\t\t\t\t\t\t\t\t<div class=\"uagb-post-pagination-wrap\">\n\t\t\t\t\t\t<span aria-current=\"page\" class=\"page-numbers current\">1<\/span>\n<a class=\"page-numbers\" href=\"https:\/\/sonamines.cm\/en\/wp-json\/wp\/v2\/pages\/613\/page\/2\/\">2<\/a>\n<a class=\"next page-numbers\" href=\"https:\/\/sonamines.cm\/en\/wp-json\/wp\/v2\/pages\/613\/page\/2\/\">Next \u00bb<\/a>\t\t\t\t\t<\/div>\n\t\t\t\t\t\t\t\t<\/div>","protected":false},"excerpt":{"rendered":"","protected":false},"author":3,"featured_media":0,"parent":0,"menu_order":0,"comment_status":"closed","ping_status":"closed","template":"fullpage.php","meta":{"_coblocks_attr":"","_coblocks_dimensions":"","_coblocks_responsive_height":"","_coblocks_accordion_ie_support":"","_uag_custom_page_level_css":"","footnotes":""},"class_list":["post-613","page","type-page","status-publish","hentry"],"uagb_featured_image_src":{"full":false,"thumbnail":false,"medium":false,"medium_large":false,"large":false,"1536x1536":false,"2048x2048":false,"trp-custom-language-flag":false},"uagb_author_info":{"display_name":"SANDIE Gilles","author_link":"https:\/\/sonamines.cm\/en\/author\/gillessandie\/"},"uagb_comment_info":0,"uagb_excerpt":null,"_links":{"self":[{"href":"https:\/\/sonamines.cm\/en\/wp-json\/wp\/v2\/pages\/613","targetHints":{"allow":["GET"]}}],"collection":[{"href":"https:\/\/sonamines.cm\/en\/wp-json\/wp\/v2\/pages"}],"about":[{"href":"https:\/\/sonamines.cm\/en\/wp-json\/wp\/v2\/types\/page"}],"author":[{"embeddable":true,"href":"https:\/\/sonamines.cm\/en\/wp-json\/wp\/v2\/users\/3"}],"replies":[{"embeddable":true,"href":"https:\/\/sonamines.cm\/en\/wp-json\/wp\/v2\/comments?post=613"}],"version-history":[{"count":0,"href":"https:\/\/sonamines.cm\/en\/wp-json\/wp\/v2\/pages\/613\/revisions"}],"wp:attachment":[{"href":"https:\/\/sonamines.cm\/en\/wp-json\/wp\/v2\/media?parent=613"}],"curies":[{"name":"wp","href":"https:\/\/api.w.org\/{rel}","templated":true}]}}