{"id":548,"date":"2022-04-08T10:52:18","date_gmt":"2022-04-08T10:52:18","guid":{"rendered":"https:\/\/sonamines.cm\/?page_id=548"},"modified":"2022-05-04T13:34:12","modified_gmt":"2022-05-04T13:34:12","slug":"tutelles-de-la-sonamines","status":"publish","type":"page","link":"https:\/\/sonamines.cm\/en\/tutelles-de-la-sonamines\/","title":{"rendered":"SONAMINES SUPERVISORY AUTHORITIES"},"content":{"rendered":"<blockquote class=\"wp-block-quote has-text-align-center is-layout-flow wp-block-quote-is-layout-flow\"><p>SONAMINES shall be under the technical supervisory authority of the Ministry in charge of Mines and the financial supervisory authority of the ministry in charge of finance.<\/p><p><\/p><\/blockquote>\n\n\n\n<div class=\"wp-block-coblocks-row coblocks-row-44142812894\" data-columns=\"2\" data-layout=\"50-50\"><div class=\"wp-block-coblocks-row__inner has-no-padding has-no-margin is-stacked-on-mobile has-medium-gutter\">\n<div class=\"wp-block-coblocks-column coblocks-column-44142814612\" style=\"width:50%\"><div class=\"wp-block-coblocks-column__inner has-no-padding has-no-margin\">\n<div class=\"wp-block-uagb-team uagb-team uagb-team__outer-wrap uagb-team__image-position-above uagb-team__align-center uagb-team__stack-tablet uagb-block-843a4d77\"><div class=\"uagb-team__wrap\"><div class=\"uagb-team__content\"><div class=\"uagb-team__image-wrap uagb-team__image-crop-normal\"><img decoding=\"async\" class=\"\" src=\"https:\/\/sonamines.cm\/wp-content\/uploads\/2021\/09\/logo-minmindt-150x150.jpg\" alt=\"\"\/><\/div><div class=\"uagb-team__title-wrap\"><h3 class=\"uagb-team__title\"><\/h3><span class=\"uagb-team__prefix\"><\/span><\/div><div class=\"uagb-team__desc-wrap\"><p class=\"uagb-team__desc\">Le Minist\u00e8re en charge des mines s&#8217;assure de la conformit\u00e9 des r\u00e9solutions du Conseil d&#8217;Administration aux lois et r\u00e8glements, ainsi qu&#8217;aux orientations des politiques sectorielles.<\/p><\/div><\/div><\/div><\/div>\n<\/div><\/div>\n\n\n\n<div class=\"wp-block-coblocks-column coblocks-column-44142814615\" style=\"width:50%\"><div class=\"wp-block-coblocks-column__inner has-no-padding has-no-margin\">\n<div class=\"wp-block-uagb-team uagb-team uagb-team__outer-wrap uagb-team__image-position-above uagb-team__align-center uagb-team__stack-tablet uagb-block-4c23b870\"><div class=\"uagb-team__wrap\"><div class=\"uagb-team__content\"><div class=\"uagb-team__image-wrap uagb-team__image-crop-normal\"><img decoding=\"async\" class=\"\" src=\"https:\/\/sonamines.cm\/wp-content\/uploads\/2021\/09\/minfi_trademark_without_shadow.png\" alt=\"\"\/><\/div><div class=\"uagb-team__title-wrap\"><h3 class=\"uagb-team__title\"><\/h3><span class=\"uagb-team__prefix\"><\/span><\/div><div class=\"uagb-team__desc-wrap\"><p class=\"uagb-team__desc\">Le Minist\u00e8re en charge des finances s&#8217;assure de la r\u00e9gularit\u00e9 des r\u00e9solutions du Conseil d&#8217;Administration \u00e0 incidence financi\u00e8re, de la soutenabilit\u00e9 des engagements financiers et de la coh\u00e9rence g\u00e9n\u00e9rale des plans de performance de la SONAMINES aux programmes sectoriels<\/p><\/div><\/div><\/div><\/div>\n<\/div><\/div>\n<\/div><\/div>","protected":false},"excerpt":{"rendered":"<p>La SONAMINES est plac\u00e9e sous la tutelle technique du Minist\u00e8re en charge des mines et sous la tutelle financi\u00e8re du [&hellip;]<\/p>\n","protected":false},"author":3,"featured_media":0,"parent":0,"menu_order":0,"comment_status":"closed","ping_status":"closed","template":"fullpage.php","meta":{"_coblocks_attr":"","_coblocks_dimensions":"","_coblocks_responsive_height":"","_coblocks_accordion_ie_support":"","_uag_custom_page_level_css":"","footnotes":""},"class_list":["post-548","page","type-page","status-publish","hentry"],"uagb_featured_image_src":{"full":false,"thumbnail":false,"medium":false,"medium_large":false,"large":false,"1536x1536":false,"2048x2048":false,"trp-custom-language-flag":false},"uagb_author_info":{"display_name":"SANDIE Gilles","author_link":"https:\/\/sonamines.cm\/en\/author\/gillessandie\/"},"uagb_comment_info":0,"uagb_excerpt":"La SONAMINES est plac\u00e9e sous la tutelle technique du Minist\u00e8re en charge des mines et sous la tutelle financi\u00e8re du [&hellip;]","_links":{"self":[{"href":"https:\/\/sonamines.cm\/en\/wp-json\/wp\/v2\/pages\/548","targetHints":{"allow":["GET"]}}],"collection":[{"href":"https:\/\/sonamines.cm\/en\/wp-json\/wp\/v2\/pages"}],"about":[{"href":"https:\/\/sonamines.cm\/en\/wp-json\/wp\/v2\/types\/page"}],"author":[{"embeddable":true,"href":"https:\/\/sonamines.cm\/en\/wp-json\/wp\/v2\/users\/3"}],"replies":[{"embeddable":true,"href":"https:\/\/sonamines.cm\/en\/wp-json\/wp\/v2\/comments?post=548"}],"version-history":[{"count":0,"href":"https:\/\/sonamines.cm\/en\/wp-json\/wp\/v2\/pages\/548\/revisions"}],"wp:attachment":[{"href":"https:\/\/sonamines.cm\/en\/wp-json\/wp\/v2\/media?parent=548"}],"curies":[{"name":"wp","href":"https:\/\/api.w.org\/{rel}","templated":true}]}}