{"id":484,"date":"2022-03-28T10:38:07","date_gmt":"2022-03-28T10:38:07","guid":{"rendered":"https:\/\/sonamines.cm\/?page_id=484"},"modified":"2023-07-07T16:30:04","modified_gmt":"2023-07-07T16:30:04","slug":"les-dirigeants","status":"publish","type":"page","link":"https:\/\/sonamines.cm\/en\/les-dirigeants\/","title":{"rendered":"SONAMINES\u2019 Governing Bodies"},"content":{"rendered":"<h1 class=\"uk-heading-line uk-text-center\"><span>General Assembly<\/span><\/h1>\n\n\n<!-- <div class=\"uk-child-width-1-3@m\" uk-grid> -->\n<div class=\"uk-flex uk-flex-center uk-child-width-1-3@m\" uk-grid=\"\">\n\t\n\t\n\t<div class=\"uk-width-1-3@m\">\n\t\t<div class=\"uk-card uk-card-default equixp equixp__pag\">\n\t\t\t<div class=\"uk-card-media-top\">\n\t\t\t\t<img decoding=\"async\" src=\"https:\/\/sonamines.cm\/wp-content\/uploads\/organesdirigeants\/pag.jpg\" class=\"uk-responsive-width equixp__img\">\n\t\t\t<\/div>\n\t\t\t<div class=\"uk-card-body equixp__body\">\n\t\t\t\t<h3 class=\"uk-card-title equixp__titre\">M. MOH TANGONGHO Sylvester<\/h3>\n\t\t\t\t<h5 class=\"equixp__fnction\">Pr\u00e9sident de l&#8217;Assembl\u00e9e G\u00e9n\u00e9rale<\/h5>\n\t\t\t<\/div>\n\t\t<\/div>\n\t<\/div>\n<\/div>\n\n\n\n\n\n<h1 class=\"uk-heading-line uk-text-center\"><span>Conseil d&#8217;administration<\/span><\/h1>\n\n\n<!-- <div class=\"uk-child-width-1-3@m\" uk-grid> -->\n<div class=\"uk-flex uk-flex-center uk-child-width-1-3@m\" uk-grid=\"\">\n\t\n\t<!-- <div class=\"uk-width-1-3@m uk-hidden@s\">&nbsp;<\/div> -->\n\t\n\t<div class=\"uk-width-1-3@m\">\n\t\t<div class=\"uk-card uk-card-default equixp equixp__pca\">\n\t\t\t<div class=\"uk-card-media-top\">\n\t\t\t\t<img decoding=\"async\" src=\"https:\/\/sonamines.cm\/wp-content\/uploads\/organesdirigeants\/pca.jpg\" class=\"uk-responsive-width equixp__img\">\n\t\t\t<\/div>\n\t\t\t<div class=\"uk-card-body equixp__body\">\n\t\t\t\t<h3 class=\"uk-card-title equixp__titre\">M. Jackson BETTY AMOUKO<\/h3>\n\t\t\t\t<h5 class=\"equixp__fnction\">Pr\u00e9sident du conseil d&#8217;administration<\/h5>\n\t\t\t<\/div>\n\t\t<\/div>\n\t<\/div>\n<\/div>\n\n\n<p><em><\/em><\/p>\n\n\n\n\n<h1 class=\"uk-heading-line uk-text-center\"><span>General Management<\/span><\/h1>\n\n\n<!-- <div class=\"uk-child-width-1-3@m\" uk-grid> -->\n<div class=\"uk-grid-match uk-flex uk-flex-center uk-flex-bottom uk-child-width-1-5@m uk-text-center\" uk-grid=\"\">\n\t\n\t<!-- <div class=\"uk-width-1-3\">...<\/div> -->\n\t\n\t<div class=\"uk-width-2-5@m\">\n\t\t<div class=\"uk-card uk-card-default equixp equixp__dg\">\n\t\t\t<div class=\"uk-card-media-top\">\n\t\t\t\t<!-- <img decoding=\"async\" src=\"https:\/\/www.cameroon-tribune.cm\/\/administrateur\/photo\/normal_6gac7ea.jpg\" class=\"uk-responsive-width equixp__img\"> -->\n\t\t\t\t<img decoding=\"async\" src=\"https:\/\/sonamines.cm\/wp-content\/uploads\/organesdirigeants\/dg.jpg\" class=\"uk-responsive-width equixp__img\">\n\t\t\t<\/div>\n\t\t\t<div class=\"uk-card-body equixp__body\">\n\t\t\t\t<h3 class=\"uk-card-title equixp__titre\">Mr Serge Herv\u00e9 BOYOGUENO<\/h3>\n\t\t\t\t<h5 class=\"equixp__fnction\">General Manager<\/h5>\n\t\t\t<\/div>\n\t\t<\/div>\n\t<\/div>\n\t\n\t<div class=\"uk-width-2-5@m\">\n\t\t<div class=\"uk-card uk-card-default equixp equixp__dga\">\n\t\t\t<div class=\"uk-card-media-top\">\n\t\t\t\t<!-- <img decoding=\"async\" src=\"https:\/\/www.cameroon-tribune.cm\/\/administrateur\/photo\/normal_b6af89b.jpg\" class=\"uk-responsive-width equixp__img\"> -->\n\t\t\t\t<img decoding=\"async\" src=\"https:\/\/sonamines.cm\/wp-content\/uploads\/organesdirigeants\/dga.jpg\" class=\"uk-responsive-width equixp__img\">\n\t\t\t<\/div>\n\t\t\t<div class=\"uk-card-body equixp__body\">\n\t\t\t\t<h3 class=\"uk-card-title equixp__titre\">M. FRU Jonathan<\/h3>\n\t\t\t\t<h5 class=\"equixp__fnction\">Deputy General Manager<\/h5>\n\t\t\t<\/div>\n\t\t<\/div>\n\t<\/div>\n<\/div>","protected":false},"excerpt":{"rendered":"<p>Assembl\u00e9e G\u00e9n\u00e9rale M. MOH TANGONGHO Sylvester Pr\u00e9sident de l&#8217;Assembl\u00e9e G\u00e9n\u00e9rale Conseil d&#8217;administration M. Jackson BETTY AMOUKO Pr\u00e9sident du conseil d&#8217;administration [&hellip;]<\/p>\n","protected":false},"author":3,"featured_media":0,"parent":0,"menu_order":0,"comment_status":"closed","ping_status":"closed","template":"fullpage.php","meta":{"_coblocks_attr":"","_coblocks_dimensions":"","_coblocks_responsive_height":"","_coblocks_accordion_ie_support":"","_uag_custom_page_level_css":"","footnotes":""},"class_list":["post-484","page","type-page","status-publish","hentry"],"uagb_featured_image_src":{"full":false,"thumbnail":false,"medium":false,"medium_large":false,"large":false,"1536x1536":false,"2048x2048":false,"trp-custom-language-flag":false},"uagb_author_info":{"display_name":"SANDIE Gilles","author_link":"https:\/\/sonamines.cm\/en\/author\/gillessandie\/"},"uagb_comment_info":0,"uagb_excerpt":"Assembl\u00e9e G\u00e9n\u00e9rale M. MOH TANGONGHO Sylvester Pr\u00e9sident de l&#8217;Assembl\u00e9e G\u00e9n\u00e9rale Conseil d&#8217;administration M. Jackson BETTY AMOUKO Pr\u00e9sident du conseil d&#8217;administration [&hellip;]","_links":{"self":[{"href":"https:\/\/sonamines.cm\/en\/wp-json\/wp\/v2\/pages\/484","targetHints":{"allow":["GET"]}}],"collection":[{"href":"https:\/\/sonamines.cm\/en\/wp-json\/wp\/v2\/pages"}],"about":[{"href":"https:\/\/sonamines.cm\/en\/wp-json\/wp\/v2\/types\/page"}],"author":[{"embeddable":true,"href":"https:\/\/sonamines.cm\/en\/wp-json\/wp\/v2\/users\/3"}],"replies":[{"embeddable":true,"href":"https:\/\/sonamines.cm\/en\/wp-json\/wp\/v2\/comments?post=484"}],"version-history":[{"count":0,"href":"https:\/\/sonamines.cm\/en\/wp-json\/wp\/v2\/pages\/484\/revisions"}],"wp:attachment":[{"href":"https:\/\/sonamines.cm\/en\/wp-json\/wp\/v2\/media?parent=484"}],"curies":[{"name":"wp","href":"https:\/\/api.w.org\/{rel}","templated":true}]}}