{"id":458,"date":"2022-03-25T13:28:21","date_gmt":"2022-03-25T13:28:21","guid":{"rendered":"https:\/\/sonamines.cm\/?page_id=458"},"modified":"2022-12-05T14:39:12","modified_gmt":"2022-12-05T14:39:12","slug":"historique-de-la-sonamines","status":"publish","type":"page","link":"https:\/\/sonamines.cm\/en\/historique-de-la-sonamines\/","title":{"rendered":"Historique de la SONAMINES"},"content":{"rendered":"<div class=\"uk-container uk-padding\">\n\t<div class=\"uk-timeline\">\n\t\t<div class=\"uk-timeline-item\">\n\t\t\t<div class=\"uk-timeline-icon\">\n\t\t\t\t<span class=\"uk-badge bg_10\"><span uk-icon=\"grid\"><\/span><\/span>\n\t\t\t<\/div>\n\t\t\t<div class=\"uk-timeline-content\">\n\t\t\t\t<div class=\"uk-card uk-card-default uk-margin-medium-bottom uk-overflow-auto\">\n\t\t\t\t\t<div class=\"uk-card-header\">\n\t\t\t\t\t\t<div class=\"uk-grid-small uk-flex-middle\" uk-grid=\"\">\n\t\t\t\t\t\t\t<h3 class=\"uk-card-title\"><time datetime=\"2020-12-14\">20\/12\/2020<\/time><\/h3>\n\t\t\t\t\t\t\t<span class=\"uk-label uk-label-success uk-margin-auto-left bg_10\">Created<\/span>\n\t\t\t\t\t\t<\/div>\n\t\t\t\t\t<\/div>\n\t\t\t\t\t<div class=\"uk-card-body\">\n\t\t\t\t\t\t<p class=\"text_10\">Establishment of the National Mining Corporation\n\t\t\t\t\t\t<\/p>\n\t\t\t\t\t<\/div>\n\t\t\t\t<\/div>\n\t\t\t<\/div>\n\t\t<\/div>\n\t\t\n\t\t\n\t\t\n\t\t<!-- <div class=\"uk-timeline-item\">\n\t\t\t<div class=\"uk-timeline-icon\">\n\t\t\t\t<span class=\"uk-badge bg_10\"><span uk-icon=\"grid\"><\/span><\/span>\n\t\t\t<\/div>\n\t\t\t<div class=\"uk-timeline-content\">\n\t\t\t\t<div class=\"uk-card uk-card-default uk-margin-medium-bottom uk-overflow-auto\">\n\t\t\t\t\t<div class=\"uk-card-header\">\n\t\t\t\t\t\t<div class=\"uk-grid-small uk-flex-middle\" uk-grid>\n\t\t\t\t\t\t\t<h3 class=\"uk-card-title\"><time datetime=\"2021-04-14\">14\/04\/2021<\/time><\/h3>\n\t\t\t\t\t\t\t<span class=\"uk-label uk-label-warning uk-margin-auto-left\">CA<\/span>\n\t\t\t\t\t\t<\/div>\n\t\t\t\t\t<\/div>\n\t\t\t\t\t<div class=\"uk-card-body\">\n\t\t\t\t\t\tNomination des premiers membres du Conseil d'Administration de la Soci\u00e9t\u00e9 Nationale des Mines\n\t\t\t\t\t<\/div>\n\t\t\t\t<\/div>\n\t\t\t<\/div>\n\t\t<\/div> -->\n\t\t\n\t\t\n\t\t<div class=\"uk-timeline-item\">\n\t\t\t<div class=\"uk-timeline-icon\">\n\t\t\t\t<span class=\"uk-badge bg_10\"><span uk-icon=\"grid\"><\/span><\/span>\n\t\t\t<\/div>\n\t\t\t<div class=\"uk-timeline-content\">\n\t\t\t\t<div class=\"uk-card uk-card-default uk-margin-medium-bottom uk-overflow-auto\">\n\t\t\t\t\t<div class=\"uk-card-header\">\n\t\t\t\t\t\t<div class=\"uk-grid-small uk-flex-middle\" uk-grid=\"\">\n\t\t\t\t\t\t\t<h3 class=\"uk-card-title\"><time datetime=\"2021-04-14\">14\/04\/2021<\/time><\/h3>\n\t\t\t\t\t\t\t<!-- <span class=\"uk-label uk-label-danger uk-margin-auto-left text_20\">CA<\/span> -->\n\t\t\t\t\t\t<\/div>\n\t\t\t\t\t<\/div>\n\t\t\t\t\t<div class=\"uk-card-body\">\n\t\t\t\t\t\t<p>Nomination des premiers membres du Conseil d&#8217;Administration et de l&#8217;Assembl\u00e9e G\u00e9n\u00e9rale de la SONAMINES<\/p>\n\t\t\t\t\t<\/div>\n\t\t\t\t<\/div>\n\t\t\t<\/div>\n\t\t<\/div>\n\t\t\n\t\t\n\t\t\n\t\t\n\t\t\n\t\t\n\t\t<div class=\"uk-timeline-item\">\n\t\t\t<div class=\"uk-timeline-icon\">\n\t\t\t\t<span class=\"uk-badge bg_10\"><span uk-icon=\"grid\"><\/span><\/span>\n\t\t\t<\/div>\n\t\t\t<div class=\"uk-timeline-content\">\n\t\t\t\t<div class=\"uk-card uk-card-default uk-margin-medium-bottom uk-overflow-auto\">\n\t\t\t\t\t<div class=\"uk-card-header\">\n\t\t\t\t\t\t<div class=\"uk-grid-small uk-flex-middle\" uk-grid=\"\">\n\t\t\t\t\t\t\t<h3 class=\"uk-card-title\"><time datetime=\"2021-04-16\">16\/04\/2021<\/time><\/h3>\n\t\t\t\t\t\t\t<!-- <span class=\"uk-label uk-label-warning uk-margin-auto-left\">CA<\/span> -->\n\t\t\t\t\t\t<\/div>\n\t\t\t\t\t<\/div>\n\t\t\t\t\t<div class=\"uk-card-body\">\n\t\t\t\t\t\t<p>SONAMINES has its top management<\/p>\n\t\t\t\t\t<\/div>\n\t\t\t\t<\/div>\n\t\t\t<\/div>\n\t\t<\/div>\n\t\t\n\t\t\n\t\t<div class=\"uk-timeline-item\">\n\t\t\t<div class=\"uk-timeline-icon\">\n\t\t\t\t<span class=\"uk-badge bg_10\"><span uk-icon=\"grid\"><\/span><\/span>\n\t\t\t<\/div>\n\t\t\t<div class=\"uk-timeline-content\">\n\t\t\t\t<div class=\"uk-card uk-card-default uk-margin-medium-bottom uk-overflow-auto\">\n\t\t\t\t\t<div class=\"uk-card-header\">\n\t\t\t\t\t\t<div class=\"uk-grid-small uk-flex-middle\" uk-grid=\"\">\n\t\t\t\t\t\t\t<h3 class=\"uk-card-title\"><time datetime=\"2021-06-22\">22\/06\/2021<\/time><\/h3>\n\t\t\t\t\t\t\t<!-- <span class=\"uk-label uk-label-warning uk-margin-auto-left\">CA<\/span> -->\n\t\t\t\t\t\t<\/div>\n\t\t\t\t\t<\/div>\n\t\t\t\t\t<div class=\"uk-card-body\">\n\t\t\t\t\t\t<p>Holding of the very first ordinary session of the Board of Directors<\/p>\n\t\t\t\t\t<\/div>\n\t\t\t\t<\/div>\n\t\t\t<\/div>\n\t\t<\/div>\n\t\t\n\t\t\n\t\t<div class=\"uk-timeline-item\">\n\t\t\t<div class=\"uk-timeline-icon\">\n\t\t\t\t<span class=\"uk-badge bg_10\"><span uk-icon=\"grid\"><\/span><\/span>\n\t\t\t<\/div>\n\t\t\t<div class=\"uk-timeline-content\">\n\t\t\t\t<div class=\"uk-card uk-card-default uk-margin-medium-bottom uk-overflow-auto\">\n\t\t\t\t\t<div class=\"uk-card-header\">\n\t\t\t\t\t\t<div class=\"uk-grid-small uk-flex-middle\" uk-grid=\"\">\n\t\t\t\t\t\t\t<h3 class=\"uk-card-title\"><time datetime=\"2022-09-30\">30\/09\/2022<\/time><\/h3>\n\t\t\t\t\t\t<\/div>\n\t\t\t\t\t<\/div>\n\t\t\t\t\t<div class=\"uk-card-body\">\n\t\t\t\t\t\t<p>Nomination d&#8217;un membre du Conseil d&#8217;Administration<\/p>\n\t\t\t\t\t<\/div>\n\t\t\t\t<\/div>\n\t\t\t<\/div>\n\t\t<\/div>\n\t\t\n\t\t\n\t\t<div class=\"uk-timeline-item\">\n\t\t\t<div class=\"uk-timeline-icon\">\n\t\t\t\t<span class=\"uk-badge bg_10\"><span uk-icon=\"grid\"><\/span><\/span>\n\t\t\t<\/div>\n\t\t\t<div class=\"uk-timeline-content\">\n\t\t\t\t<div class=\"uk-card uk-card-default uk-margin-medium-bottom uk-overflow-auto\">\n\t\t\t\t\t<div class=\"uk-card-header\">\n\t\t\t\t\t\t<div class=\"uk-grid-small uk-flex-middle\" uk-grid=\"\">\n\t\t\t\t\t\t\t<h3 class=\"uk-card-title\"><time datetime=\"2022-10-04\">04\/10\/2022<\/time><\/h3>\n\t\t\t\t\t\t<\/div>\n\t\t\t\t\t<\/div>\n\t\t\t\t\t<div class=\"uk-card-body\">\n\t\t\t\t\t\t<p>SONAMINES welcomes a new Chairman of the Board of Directors<\/p>\n\t\t\t\t\t<\/div>\n\t\t\t\t<\/div>\n\t\t\t<\/div>\n\t\t<\/div>\n\t\t\n\t<\/div>\n<\/div>","protected":false},"excerpt":{"rendered":"<p>20\/12\/2020 Cr\u00e9ation Cr\u00e9ation de la Soci\u00e9t\u00e9 Nationale des Mines 14\/04\/2021 Nomination des premiers membres du Conseil d&#8217;Administration et de l&#8217;Assembl\u00e9e [&hellip;]<\/p>\n","protected":false},"author":3,"featured_media":0,"parent":0,"menu_order":0,"comment_status":"closed","ping_status":"closed","template":"fullpage.php","meta":{"_coblocks_attr":"","_coblocks_dimensions":"","_coblocks_responsive_height":"","_coblocks_accordion_ie_support":"","_uag_custom_page_level_css":"","footnotes":""},"class_list":["post-458","page","type-page","status-publish","hentry"],"uagb_featured_image_src":{"full":false,"thumbnail":false,"medium":false,"medium_large":false,"large":false,"1536x1536":false,"2048x2048":false,"trp-custom-language-flag":false},"uagb_author_info":{"display_name":"SANDIE Gilles","author_link":"https:\/\/sonamines.cm\/en\/author\/gillessandie\/"},"uagb_comment_info":0,"uagb_excerpt":"20\/12\/2020 Cr\u00e9ation Cr\u00e9ation de la Soci\u00e9t\u00e9 Nationale des Mines 14\/04\/2021 Nomination des premiers membres du Conseil d&#8217;Administration et de l&#8217;Assembl\u00e9e [&hellip;]","_links":{"self":[{"href":"https:\/\/sonamines.cm\/en\/wp-json\/wp\/v2\/pages\/458","targetHints":{"allow":["GET"]}}],"collection":[{"href":"https:\/\/sonamines.cm\/en\/wp-json\/wp\/v2\/pages"}],"about":[{"href":"https:\/\/sonamines.cm\/en\/wp-json\/wp\/v2\/types\/page"}],"author":[{"embeddable":true,"href":"https:\/\/sonamines.cm\/en\/wp-json\/wp\/v2\/users\/3"}],"replies":[{"embeddable":true,"href":"https:\/\/sonamines.cm\/en\/wp-json\/wp\/v2\/comments?post=458"}],"version-history":[{"count":0,"href":"https:\/\/sonamines.cm\/en\/wp-json\/wp\/v2\/pages\/458\/revisions"}],"wp:attachment":[{"href":"https:\/\/sonamines.cm\/en\/wp-json\/wp\/v2\/media?parent=458"}],"curies":[{"name":"wp","href":"https:\/\/api.w.org\/{rel}","templated":true}]}}