{"id":417,"date":"2022-03-24T09:33:37","date_gmt":"2022-03-24T09:33:37","guid":{"rendered":"https:\/\/sonamines.cm\/?page_id=417"},"modified":"2022-03-25T15:15:32","modified_gmt":"2022-03-25T15:15:32","slug":"qui-sommes-nous","status":"publish","type":"page","link":"https:\/\/sonamines.cm\/en\/qui-sommes-nous\/","title":{"rendered":"Who We Are"},"content":{"rendered":"<div class=\"uk-flex-middle\" uk-grid=\"\">\n\t<div class=\"uk-width-2-3@m bg_10 quisommes_ligntxt1\">\n\t\tSONAMINES is willing to offer its expertise to all investors wishing to establish themselves in Cameroon. One of its major assets is a competent and multidisciplinary team composed of a General Assembly, a Board of Directors and a General Management. A young and dynamic team, spread over the eleven (11) offices established in the Adamawa, East, North and South Regions, ready to provide effective solutions to our various partners\n\t<\/div>\n\t<div class=\"uk-width-1-3@m uk-flex-first nopadding\"  >\n\t\t<img decoding=\"async\" src=\"https:\/\/sonamines.cm\/wp-content\/uploads\/2022\/02\/mini__DSC0239.jpg\" alt=\"\" class=\"wp-image-65 size-full uk-object-cover\">\n\t\t\n\t\t\n\t\t<!-- <div class=\"uk-background-contain uk-background-muted uk-height-medium uk-panel uk-flex uk-flex-center uk-flex-middle\" style=\"background-image: url(https:\/\/sonamines.cm\/wp-content\/uploads\/2021\/09\/les-casques-e1627219275851-1.png);\">\n\t\t\t\n\t\t<\/div>\n\t<\/div> -->\n<\/div>\n\n\n\n<ul class=\"wp-block-list\" id=\"block-cdab6e1b-98d3-4921-a426-21481f2c4e11\"><li>Provide technical expertise to potential investors for the development and implementation of mining projects;<\/li><li>Provide all information, data and materials necessary for the development of mining projects;<\/li><li>Provide support to its partners in procedures related to the granting of mining titles and any other instruments required for the implementation of the projects;<\/li><li>Provide the necessary support for mine site visits and field work;<\/li><li>Bring in its financial share under an SPV or project company, for the implementation of mineral and quarrying operations.<\/li><\/ul>\n\n\n\n<div class=\"wp-block-media-text alignwide has-media-on-the-right is-stacked-on-mobile\" style=\"grid-template-columns:auto 32%\"><figure class=\"wp-block-media-text__media\"><img loading=\"lazy\" decoding=\"async\" width=\"364\" height=\"269\" src=\"https:\/\/sonamines.cm\/wp-content\/uploads\/2021\/09\/DSC4896.png\" alt=\"\" class=\"wp-image-31 size-full\" srcset=\"https:\/\/sonamines.cm\/wp-content\/uploads\/2021\/09\/DSC4896.png 364w, https:\/\/sonamines.cm\/wp-content\/uploads\/2021\/09\/DSC4896-300x222.png 300w\" sizes=\"auto, (max-width: 364px) 100vw, 364px\" \/><\/figure><div class=\"wp-block-media-text__content\">\n<p>In terms of shareholding in exploration, mining and marketing companies, participation in negotiations and monitoring of the execution of contracts between the State and mining companies, SONAMINES is positioned as a key player in the implementation of major industrial mining projects. Its doors are opened to investors for technical support at all levels from the exploration phase to the mining phase.<\/p>\n<\/div><\/div>","protected":false},"excerpt":{"rendered":"<p>La SONAMINES est dispos\u00e9e \u00e0 offrir son expertise \u00e0 tous les investisseurs d\u00e9sirant s\u2019\u00e9tablir au Cameroun. L\u2019un de ses atouts [&hellip;]<\/p>\n","protected":false},"author":3,"featured_media":0,"parent":0,"menu_order":0,"comment_status":"closed","ping_status":"closed","template":"fullpage.php","meta":{"_coblocks_attr":"","_coblocks_dimensions":"","_coblocks_responsive_height":"","_coblocks_accordion_ie_support":"","_uag_custom_page_level_css":"","footnotes":""},"class_list":["post-417","page","type-page","status-publish","hentry"],"uagb_featured_image_src":{"full":false,"thumbnail":false,"medium":false,"medium_large":false,"large":false,"1536x1536":false,"2048x2048":false,"trp-custom-language-flag":false},"uagb_author_info":{"display_name":"SANDIE Gilles","author_link":"https:\/\/sonamines.cm\/en\/author\/gillessandie\/"},"uagb_comment_info":0,"uagb_excerpt":"La SONAMINES est dispos\u00e9e \u00e0 offrir son expertise \u00e0 tous les investisseurs d\u00e9sirant s\u2019\u00e9tablir au Cameroun. L\u2019un de ses atouts [&hellip;]","_links":{"self":[{"href":"https:\/\/sonamines.cm\/en\/wp-json\/wp\/v2\/pages\/417","targetHints":{"allow":["GET"]}}],"collection":[{"href":"https:\/\/sonamines.cm\/en\/wp-json\/wp\/v2\/pages"}],"about":[{"href":"https:\/\/sonamines.cm\/en\/wp-json\/wp\/v2\/types\/page"}],"author":[{"embeddable":true,"href":"https:\/\/sonamines.cm\/en\/wp-json\/wp\/v2\/users\/3"}],"replies":[{"embeddable":true,"href":"https:\/\/sonamines.cm\/en\/wp-json\/wp\/v2\/comments?post=417"}],"version-history":[{"count":0,"href":"https:\/\/sonamines.cm\/en\/wp-json\/wp\/v2\/pages\/417\/revisions"}],"wp:attachment":[{"href":"https:\/\/sonamines.cm\/en\/wp-json\/wp\/v2\/media?parent=417"}],"curies":[{"name":"wp","href":"https:\/\/api.w.org\/{rel}","templated":true}]}}