{"id":2063,"date":"2025-11-11T14:29:52","date_gmt":"2025-11-11T14:29:52","guid":{"rendered":"https:\/\/sonamines.cm\/?page_id=2063"},"modified":"2025-11-11T14:35:57","modified_gmt":"2025-11-11T14:35:57","slug":"espace-itie","status":"publish","type":"page","link":"https:\/\/sonamines.cm\/en\/espace-itie\/","title":{"rendered":"Espace ITIE"},"content":{"rendered":"<h2><strong><img loading=\"lazy\" decoding=\"async\" class=\"alignnone size-medium wp-image-2064\" src=\"https:\/\/sonamines.cm\/wp-content\/uploads\/2025\/11\/download-300x112.png\" alt=\"\" width=\"300\" height=\"112\" srcset=\"https:\/\/sonamines.cm\/wp-content\/uploads\/2025\/11\/download-300x112.png?v=1762871385 300w, https:\/\/sonamines.cm\/wp-content\/uploads\/2025\/11\/download-18x7.png?v=1762871385 18w, https:\/\/sonamines.cm\/wp-content\/uploads\/2025\/11\/download.png?v=1762871385 367w\" sizes=\"auto, (max-width: 300px) 100vw, 300px\" \/><\/strong><\/h2>\n<h2><strong>La SONAMINES, un acteur de l&#8217;ITIE<\/strong><\/h2>\n<p>L\u2019Initiative pour la transparence dans les industries extractives (ITIE) est une organisation internationale qui \u0153uvre pour la bonne gestion des recettes issues des industries extractives. Elle s\u2019est dot\u00e9e d\u2019une norme mondiale permettant de formaliser et d\u2019\u00e9valuer les actions men\u00e9es \u00e0 cet effet, dans le cadre de Comit\u00e9s nationaux r\u00e9unissant des repr\u00e9sentant du gouvernement, des entreprises extractives et de la soci\u00e9t\u00e9 civile.<br \/>\nLe Cameroun est membre de l&#8217;ITIE depuis 2024. La SONAMINES est membre du <a href=\"https:\/\/eiticameroon.org\/\" target=\"_blank\" rel=\"noopener\">Comit\u00e9 national<\/a>\u00a0de suivi de la mise en \u0153uvre des principes de cette initiative au Cameroun. Elle dispose en outre, d&#8217;un Comit\u00e9 ITIE en son sein.<\/p>\n<h2><strong>Documents \u00e0 t\u00e9l\u00e9charger<\/strong><\/h2>\n<p><a href=\"https:\/\/sonamines.cm\/wp-content\/uploads\/2024\/01\/loi-n-2023-014-du-19-decembre-2023-portant-code-minier.pdf\">Code Minier de 2023<\/a><br \/>\n<a href=\"https:\/\/sonamines.cm\/wp-content\/uploads\/2024\/12\/DECRET-DE-CREATION-DE-LA-SONAMINES.pdf\">D\u00e9cret de Cr\u00e9ation de la SONAMINES<\/a><br \/>\n<a href=\"https:\/\/sonamines.cm\/wp-content\/uploads\/2024\/12\/STATUTS-DE-LA-SONAMINES.pdf\">Statuts de la SONAMINES<\/a><br \/>\n<a href=\"https:\/\/sonamines.cm\/wp-content\/uploads\/2024\/12\/2024_050561-delivrance-des-titres-miniers.pdf\">D\u00e9cret fixant les modalit\u00e9ss de d\u00e9livrance des titres miniers<\/a><br \/>\n<a href=\"https:\/\/sonamines.cm\/wp-content\/uploads\/2024\/12\/2024_05062-operations-minieres.pdf\">D\u00e9cret fixant les modalit\u00e9s des operations mini\u00e8res<\/a><br \/>\n<a href=\"https:\/\/sonamines.cm\/wp-content\/uploads\/2024\/12\/2024_05249_Exercice-Droits-Miniers.pdf\">D\u00e9cret fixant les modalit\u00e9s d&#8217;exercice des droits miniers<\/a><br \/>\n<a href=\"https:\/\/sonamines.cm\/wp-content\/uploads\/2024\/12\/2024_05251-modalite-de-detention-commercialisation.pdf\">D\u00e9cret fixant les modalit\u00e9s de d\u00e9tention, de commercialisation, d\u2019exportation, d\u2019importation et de transit des substances min\u00e9rales<\/a><\/p>","protected":false},"excerpt":{"rendered":"<p>La SONAMINES, un acteur de l&#8217;ITIE L\u2019Initiative pour la transparence dans les industries extractives (ITIE) est une organisation internationale qui [&hellip;]<\/p>\n","protected":false},"author":1,"featured_media":2064,"parent":0,"menu_order":0,"comment_status":"closed","ping_status":"closed","template":"fullpage.php","meta":{"_coblocks_attr":"","_coblocks_dimensions":"","_coblocks_responsive_height":"","_coblocks_accordion_ie_support":"","_uag_custom_page_level_css":"","footnotes":""},"class_list":["post-2063","page","type-page","status-publish","has-post-thumbnail","hentry"],"uagb_featured_image_src":{"full":["https:\/\/sonamines.cm\/wp-content\/uploads\/2025\/11\/download.png?v=1762871385",367,137,false],"thumbnail":["https:\/\/sonamines.cm\/wp-content\/uploads\/2025\/11\/download-150x137.png?v=1762871385",150,137,true],"medium":["https:\/\/sonamines.cm\/wp-content\/uploads\/2025\/11\/download-300x112.png?v=1762871385",300,112,true],"medium_large":["https:\/\/sonamines.cm\/wp-content\/uploads\/2025\/11\/download.png?v=1762871385",367,137,false],"large":["https:\/\/sonamines.cm\/wp-content\/uploads\/2025\/11\/download.png?v=1762871385",367,137,false],"1536x1536":["https:\/\/sonamines.cm\/wp-content\/uploads\/2025\/11\/download.png?v=1762871385",367,137,false],"2048x2048":["https:\/\/sonamines.cm\/wp-content\/uploads\/2025\/11\/download.png?v=1762871385",367,137,false],"trp-custom-language-flag":["https:\/\/sonamines.cm\/wp-content\/uploads\/2025\/11\/download-18x7.png?v=1762871385",18,7,true]},"uagb_author_info":{"display_name":"admin","author_link":"https:\/\/sonamines.cm\/en\/author\/lewatt23\/"},"uagb_comment_info":0,"uagb_excerpt":"La SONAMINES, un acteur de l&#8217;ITIE L\u2019Initiative pour la transparence dans les industries extractives (ITIE) est une organisation internationale qui [&hellip;]","_links":{"self":[{"href":"https:\/\/sonamines.cm\/en\/wp-json\/wp\/v2\/pages\/2063","targetHints":{"allow":["GET"]}}],"collection":[{"href":"https:\/\/sonamines.cm\/en\/wp-json\/wp\/v2\/pages"}],"about":[{"href":"https:\/\/sonamines.cm\/en\/wp-json\/wp\/v2\/types\/page"}],"author":[{"embeddable":true,"href":"https:\/\/sonamines.cm\/en\/wp-json\/wp\/v2\/users\/1"}],"replies":[{"embeddable":true,"href":"https:\/\/sonamines.cm\/en\/wp-json\/wp\/v2\/comments?post=2063"}],"version-history":[{"count":3,"href":"https:\/\/sonamines.cm\/en\/wp-json\/wp\/v2\/pages\/2063\/revisions"}],"predecessor-version":[{"id":2068,"href":"https:\/\/sonamines.cm\/en\/wp-json\/wp\/v2\/pages\/2063\/revisions\/2068"}],"wp:featuredmedia":[{"embeddable":true,"href":"https:\/\/sonamines.cm\/en\/wp-json\/wp\/v2\/media\/2064"}],"wp:attachment":[{"href":"https:\/\/sonamines.cm\/en\/wp-json\/wp\/v2\/media?parent=2063"}],"curies":[{"name":"wp","href":"https:\/\/api.w.org\/{rel}","templated":true}]}}