{"id":117,"date":"2021-09-15T12:56:25","date_gmt":"2021-09-15T12:56:25","guid":{"rendered":"https:\/\/sonamines.cm\/?page_id=117"},"modified":"2022-04-05T15:01:58","modified_gmt":"2022-04-05T15:01:58","slug":"nos-missions-cibles","status":"publish","type":"page","link":"https:\/\/sonamines.cm\/en\/nos-missions-cibles\/","title":{"rendered":"Nos Missions &#038; Cibles"},"content":{"rendered":"<div class=\"wp-block-columns is-layout-flex wp-container-core-columns-is-layout-9d6595d7 wp-block-columns-is-layout-flex\">\n<div class=\"wp-block-column is-layout-flow wp-block-column-is-layout-flow\" style=\"flex-basis:66.66%\">\n<h1 class=\"uk-heading-line wp-block-heading\"><span>Our Missions<\/span><\/h1>\n\n\n\n<ul class=\"wp-block-list\"><li>Conduire les \u00e9tudes relatives \u00e0 l\u2019exploration et \u00e0 l\u2019exploitation des substances min\u00e9rales ;<\/li><li>Mener les op\u00e9rations d\u2019achat et de commercialisation des substances min\u00e9rales pour le compte de l\u2019Etat,<\/li><li>Mener les activit\u00e9s d\u2019exploration et d\u2019exploitation des substances min\u00e9rales ;<\/li><li>Assurer les mesures relatives \u00e0 la restauration, \u00e0 la r\u00e9habilitation et \u00e0 la fermeture des sites d\u2019exploitation miniers ;<\/li><li>Prendre des participation dans les soci\u00e9t\u00e9s exer\u00e7ant dans le domaine de l\u2019exploration, et de l\u2019exploitation, de la commercialisation, du traitement et de la transformation des substances min\u00e9rales par voie d\u2019apports, de commandite, de souscriptions, achat de titres et\/ou droits sociaux, alliance et\/ou association en participation et en\ufb01n,<\/li><li>R\u00e9aliser toutes les op\u00e9rations commerciales, industrielles, mobili\u00e8res, immobili\u00e8res et \ufb01nanci\u00e8res qui se rattachent directement ou indirectement \u00e0 son objet social en collaboration avec plusieurs administrations.<\/li><\/ul>\n\n\n\n<p><\/p>\n\n\n\n<div class=\"wp-block-columns is-layout-flex wp-container-core-columns-is-layout-9d6595d7 wp-block-columns-is-layout-flex\"><\/div>\n<\/div>\n\n\n\n<div class=\"wp-block-column is-layout-flow wp-block-column-is-layout-flow\" style=\"flex-basis:33.33%\">\n<figure class=\"wp-block-image size-full\"><img loading=\"lazy\" decoding=\"async\" width=\"597\" height=\"419\" src=\"https:\/\/sonamines.cm\/wp-content\/uploads\/2021\/09\/article_10.png\" alt=\"\" class=\"wp-image-118\" srcset=\"https:\/\/sonamines.cm\/wp-content\/uploads\/2021\/09\/article_10.png 597w, https:\/\/sonamines.cm\/wp-content\/uploads\/2021\/09\/article_10-300x211.png 300w\" sizes=\"auto, (max-width: 597px) 100vw, 597px\" \/><\/figure>\n<\/div>\n<\/div>\n\n\n\n<div class=\"wp-block-columns is-layout-flex wp-container-core-columns-is-layout-9d6595d7 wp-block-columns-is-layout-flex\">\n<div class=\"wp-block-column is-layout-flow wp-block-column-is-layout-flow\" style=\"flex-basis:33.33%\">\n<figure class=\"wp-block-image size-full\"><img loading=\"lazy\" decoding=\"async\" width=\"597\" height=\"419\" src=\"https:\/\/sonamines.cm\/wp-content\/uploads\/2021\/09\/darts-arrows-in-the-target-center-business-concept-1.png\" alt=\"\" class=\"wp-image-119\" srcset=\"https:\/\/sonamines.cm\/wp-content\/uploads\/2021\/09\/darts-arrows-in-the-target-center-business-concept-1.png 597w, https:\/\/sonamines.cm\/wp-content\/uploads\/2021\/09\/darts-arrows-in-the-target-center-business-concept-1-300x211.png 300w\" sizes=\"auto, (max-width: 597px) 100vw, 597px\" \/><\/figure>\n<\/div>\n\n\n\n<div class=\"wp-block-column is-layout-flow wp-block-column-is-layout-flow\" style=\"flex-basis:66.66%\">\n<h2 class=\"wp-block-heading\">Nos Cibles<\/h2>\n\n\n\n<ul class=\"wp-block-list\"><li>Les titulaires des autorisations d&#8217;exploitation artisanale;<\/li><li>Les artisans miniers;<\/li><li>Les soci\u00e9t\u00e9s d\u00e9tentrices des permis de recherche;<\/li><li>Les soci\u00e9t\u00e9s engag\u00e9es dans l&#8217;artisanat minier semi mecanis\u00e9;<\/li><li>Les Bureaux d&#8217;achat;<\/li><li>Les collecteurs;<\/li><li>Les populations riveraines des sites d&#8217;exploitation.<\/li><\/ul>\n<\/div>\n<\/div>","protected":false},"excerpt":{"rendered":"<p>Nos Missions Conduire les \u00e9tudes relatives \u00e0 l\u2019exploration et \u00e0 l\u2019exploitation des substances min\u00e9rales ; Mener les op\u00e9rations d\u2019achat et [&hellip;]<\/p>\n","protected":false},"author":1,"featured_media":0,"parent":0,"menu_order":0,"comment_status":"closed","ping_status":"closed","template":"fullpage.php","meta":{"_coblocks_attr":"","_coblocks_dimensions":"","_coblocks_responsive_height":"","_coblocks_accordion_ie_support":"","_uag_custom_page_level_css":"","footnotes":""},"class_list":["post-117","page","type-page","status-publish","hentry"],"uagb_featured_image_src":{"full":false,"thumbnail":false,"medium":false,"medium_large":false,"large":false,"1536x1536":false,"2048x2048":false,"trp-custom-language-flag":false},"uagb_author_info":{"display_name":"admin","author_link":"https:\/\/sonamines.cm\/en\/author\/lewatt23\/"},"uagb_comment_info":0,"uagb_excerpt":"Nos Missions Conduire les \u00e9tudes relatives \u00e0 l\u2019exploration et \u00e0 l\u2019exploitation des substances min\u00e9rales ; Mener les op\u00e9rations d\u2019achat et [&hellip;]","_links":{"self":[{"href":"https:\/\/sonamines.cm\/en\/wp-json\/wp\/v2\/pages\/117","targetHints":{"allow":["GET"]}}],"collection":[{"href":"https:\/\/sonamines.cm\/en\/wp-json\/wp\/v2\/pages"}],"about":[{"href":"https:\/\/sonamines.cm\/en\/wp-json\/wp\/v2\/types\/page"}],"author":[{"embeddable":true,"href":"https:\/\/sonamines.cm\/en\/wp-json\/wp\/v2\/users\/1"}],"replies":[{"embeddable":true,"href":"https:\/\/sonamines.cm\/en\/wp-json\/wp\/v2\/comments?post=117"}],"version-history":[{"count":0,"href":"https:\/\/sonamines.cm\/en\/wp-json\/wp\/v2\/pages\/117\/revisions"}],"wp:attachment":[{"href":"https:\/\/sonamines.cm\/en\/wp-json\/wp\/v2\/media?parent=117"}],"curies":[{"name":"wp","href":"https:\/\/api.w.org\/{rel}","templated":true}]}}